{"id":636,"date":"2016-12-04T12:19:51","date_gmt":"2016-12-04T12:19:51","guid":{"rendered":"https:\/\/www.inprous.com\/quienes-somos\/"},"modified":"2020-02-21T16:30:25","modified_gmt":"2020-02-21T16:30:25","slug":"qui-som","status":"publish","type":"page","link":"https:\/\/www.inprous.com\/ca\/qui-som\/","title":{"rendered":"QUI SOM"},"content":{"rendered":"<div id='layer_slider_1'  class='avia-layerslider main_color avia-shadow  avia-builder-el-0  el_before_av_textblock  avia-builder-el-first  container_wrap fullsize'  style='height: 151px;'  ><\/div><div id='after_layer_slider_1'  class='main_color av_default_container_wrap container_wrap fullsize'  ><div class='container av-section-cont-open' ><div class='template-page content  av-content-full alpha units'><div class='post-entry post-entry-type-page post-entry-636'><div class='entry-content-wrapper clearfix'>\n\n<style type=\"text\/css\" data-created_by=\"avia_inline_auto\" id=\"style-css-av-av_textblock-fae8699d538200a543ba402659dba9b0\">\n#top .av_textblock_section.av-av_textblock-fae8699d538200a543ba402659dba9b0 .avia_textblock{\nfont-size:16px;\n}\n<\/style>\n<section  class='av_textblock_section av-av_textblock-fae8699d538200a543ba402659dba9b0 '   itemscope=\"itemscope\" itemtype=\"https:\/\/schema.org\/CreativeWork\" ><div class='avia_textblock'  itemprop=\"text\" ><p><b>INPROUS est\u00e0 format per un equip de persones amb una contrastada traject\u00f2ria professional en el m\u00f3n del transport, la log\u00edstica i la tecnologia.<\/b><\/p>\n<p>Som un equip que garanteix l\u2019\u00e8xit i la confian\u00e7a dels nostres clients.<\/p>\n<\/div><\/section>\n<\/div><\/div><\/div><!-- close content main div --><\/div><\/div>\n<style type=\"text\/css\" data-created_by=\"avia_inline_auto\" id=\"style-css-av-av_section-2e8b4fbef5d9036cdff3ba5807f370d1\">\n.avia-section.av-av_section-2e8b4fbef5d9036cdff3ba5807f370d1{\nbackground-color:#fcfcfc;\nbackground-image:url(https:\/\/www.inprous.com\/wp-content\/uploads\/2016\/12\/inprous-logistica-del-frio.jpg);\nbackground-repeat:no-repeat;\nbackground-position:50% 50%;\nbackground-attachment:fixed;\n}\n.avia-section.av-av_section-2e8b4fbef5d9036cdff3ba5807f370d1 .av-extra-border-element .av-extra-border-inner{\nbackground-color:#000000;\n}\n<\/style>\n<div id='av_section_1'  class='avia-section av-av_section-2e8b4fbef5d9036cdff3ba5807f370d1 main_color avia-section-default avia-no-shadow  avia-builder-el-2  el_after_av_textblock  el_before_av_section  avia-full-stretch avia-bg-style-fixed container_wrap fullsize'  data-section-bg-repeat='stretch'><div class='container av-section-cont-open' ><div class='template-page content  av-content-full alpha units'><div class='post-entry post-entry-type-page post-entry-636'><div class='entry-content-wrapper clearfix'>\n\n<style type=\"text\/css\" data-created_by=\"avia_inline_auto\" id=\"style-css-av-av_one_fifth-1ca60aeb24416ebda2ea15c9b9c51674\">\n.flex_column.av-av_one_fifth-1ca60aeb24416ebda2ea15c9b9c51674{\nborder-radius:0px 0px 0px 0px;\npadding:5px 5px 5px 5px;\n}\n<\/style>\n<div  class='flex_column av-av_one_fifth-1ca60aeb24416ebda2ea15c9b9c51674 av_one_fifth  avia-builder-el-3  el_before_av_three_fifth  avia-builder-el-first  first flex_column_div  '     ><\/div>\n<style type=\"text\/css\" data-created_by=\"avia_inline_auto\" id=\"style-css-av-av_three_fifth-a7e4c90c7276d977fcc498918f0b6948\">\n.flex_column.av-av_three_fifth-a7e4c90c7276d977fcc498918f0b6948{\nborder-width:1px;\nborder-color:#000000;\nborder-style:solid;\nborder-radius:5px 5px 5px 5px;\npadding:10px 10px 10px 10px;\nbackground-color:#ffffff;\n}\n<\/style>\n<div  class='flex_column av-av_three_fifth-a7e4c90c7276d977fcc498918f0b6948 av_three_fifth  avia-builder-el-4  el_after_av_one_fifth  el_before_av_one_fifth  flex_column_div  '     ><section  class='av_textblock_section av-av_textblock-0366cc7376be6c9e82a3e9cc8987b64f '   itemscope=\"itemscope\" itemtype=\"https:\/\/schema.org\/CreativeWork\" ><div class='avia_textblock'  itemprop=\"text\" ><h2 style=\"text-align: center;\">Som una de les companyies m\u00e9s joves dedicada al <strong>transport i log\u00edstica de cadena en fred<\/strong> amb el creixement m\u00e9s r\u00e0pid, constant i consolidat dels \u00faltims anys<\/h2>\n<\/div><\/section><\/div>\n<style type=\"text\/css\" data-created_by=\"avia_inline_auto\" id=\"style-css-av-av_one_fifth-1c78eb6ab6f33c3a0454a2d0e406513a\">\n.flex_column.av-av_one_fifth-1c78eb6ab6f33c3a0454a2d0e406513a{\nborder-radius:0px 0px 0px 0px;\npadding:5px 5px 5px 5px;\n}\n<\/style>\n<div  class='flex_column av-av_one_fifth-1c78eb6ab6f33c3a0454a2d0e406513a av_one_fifth  avia-builder-el-6  el_after_av_three_fifth  avia-builder-el-last  flex_column_div  '     ><\/div>\n\n<\/div><\/div><\/div><!-- close content main div --><\/div><div class='av-extra-border-element border-extra-diagonal  '><div class='av-extra-border-outer'><div class='av-extra-border-inner'><\/div><\/div><\/div><\/div>\n<style type=\"text\/css\" data-created_by=\"avia_inline_auto\" id=\"style-css-av-av_section-6d7c5546df56357f445ec03cee4f372c\">\n.avia-section.av-av_section-6d7c5546df56357f445ec03cee4f372c{\nbackground-color:#000000;\nbackground-image:unset;\n}\n<\/style>\n<div id='av_section_2'  class='avia-section av-av_section-6d7c5546df56357f445ec03cee4f372c main_color avia-section-default avia-no-border-styling  avia-builder-el-7  el_after_av_section  avia-builder-el-last  avia-bg-style-scroll container_wrap fullsize'  ><div class='container av-section-cont-open' ><div class='template-page content  av-content-full alpha units'><div class='post-entry post-entry-type-page post-entry-636'><div class='entry-content-wrapper clearfix'>\n\n<style type=\"text\/css\" data-created_by=\"avia_inline_auto\" id=\"style-css-av-av_textblock-947dee63ef0614bd114f2b0dde479750\">\n#top .av_textblock_section.av-av_textblock-947dee63ef0614bd114f2b0dde479750 .avia_textblock{\nfont-size:16px;\ncolor:#ffffff;\n}\n<\/style>\n<section  class='av_textblock_section av-av_textblock-947dee63ef0614bd114f2b0dde479750 '   itemscope=\"itemscope\" itemtype=\"https:\/\/schema.org\/CreativeWork\" ><div class='avia_textblock av_inherit_color'  itemprop=\"text\" ><h2><\/h2>\n<h2><span style=\"text-decoration: underline;\"><strong>LA NOSTRA MISSI\u00d3:<\/strong><\/span><\/h2>\n<p>En Inprous, busquem les solucions m\u00e9s efectives a les diferents problem\u00e0tiques existents en la log\u00edstica de distribuci\u00f3.<\/p>\n<p>Ens adaptem a les necessitats dels nostres clients i a les exig\u00e8ncies dels seus productes.<\/p>\n<p>La nostra avan\u00e7ada tecnologia ens permet garantir la qualitat del nostre servei des del seu inici a la seva fi.<\/p>\n<\/div><\/section>\n\n<style type=\"text\/css\" data-created_by=\"avia_inline_auto\" id=\"style-css-av-av_hr-0688d0b0b6ed2f8b057db7a8270206df\">\n#top .hr.hr-invisible.av-av_hr-0688d0b0b6ed2f8b057db7a8270206df{\nheight:50px;\n}\n<\/style>\n<div  class='hr av-av_hr-0688d0b0b6ed2f8b057db7a8270206df hr-invisible  avia-builder-el-9  el_after_av_textblock  el_before_av_textblock '><span class='hr-inner '><span class=\"hr-inner-style\"><\/span><\/span><\/div>\n\n<style type=\"text\/css\" data-created_by=\"avia_inline_auto\" id=\"style-css-av-av_textblock-947dee63ef0614bd114f2b0dde479750\">\n#top .av_textblock_section.av-av_textblock-947dee63ef0614bd114f2b0dde479750 .avia_textblock{\nfont-size:16px;\ncolor:#ffffff;\n}\n<\/style>\n<section  class='av_textblock_section av-av_textblock-947dee63ef0614bd114f2b0dde479750 '   itemscope=\"itemscope\" itemtype=\"https:\/\/schema.org\/CreativeWork\" ><div class='avia_textblock av_inherit_color'  itemprop=\"text\" ><h2><\/h2>\n<h2><span style=\"text-decoration: underline;\">EL NOSTRE OBJETIU: oferir la millor soluci\u00f3<\/span><\/h2>\n<p>Una soluci\u00f3 optimitzada en costos, flexible, ecol\u00f2gica i d\u2019alta qualitat..<\/p>\n<p>Totes les nostres solucions compleixen la normativa GDP i s\u00f3n 100% reutilitzables i ecol\u00f2giques.<\/p>\n<\/div><\/section>\n\n","protected":false},"excerpt":{"rendered":"","protected":false},"author":1,"featured_media":0,"parent":0,"menu_order":0,"comment_status":"closed","ping_status":"closed","template":"","meta":{"footnotes":""},"class_list":["post-636","page","type-page","status-publish","hentry"],"yoast_head":"<!-- This site is optimized with the Yoast SEO plugin v25.3 - https:\/\/yoast.com\/wordpress\/plugins\/seo\/ -->\n<title>Som un equip que garanteix l\u2019\u00e8xit i la confian\u00e7a dels nostres clients.<\/title>\n<meta name=\"description\" content=\"Inprous est\u00e0 format per un equip de persones amb una contrastada traject\u00f2ria professional en el m\u00f3n del transport, la log\u00edstica i la tecnologia.\" \/>\n<meta name=\"robots\" content=\"index, follow, max-snippet:-1, max-image-preview:large, max-video-preview:-1\" \/>\n<link rel=\"canonical\" href=\"https:\/\/www.inprous.com\/ca\/qui-som\/\" \/>\n<meta property=\"og:locale\" content=\"ca_ES\" \/>\n<meta property=\"og:type\" content=\"article\" \/>\n<meta property=\"og:title\" content=\"Som un equip que garanteix l\u2019\u00e8xit i la confian\u00e7a dels nostres clients.\" \/>\n<meta property=\"og:description\" content=\"Inprous est\u00e0 format per un equip de persones amb una contrastada traject\u00f2ria professional en el m\u00f3n del transport, la log\u00edstica i la tecnologia.\" \/>\n<meta property=\"og:url\" content=\"https:\/\/www.inprous.com\/ca\/qui-som\/\" \/>\n<meta property=\"article:modified_time\" content=\"2020-02-21T16:30:25+00:00\" \/>\n<meta name=\"twitter:card\" content=\"summary_large_image\" \/>\n<meta name=\"twitter:label1\" content=\"Est. reading time\" \/>\n\t<meta name=\"twitter:data1\" content=\"3 minutes\" \/>\n<script type=\"application\/ld+json\" class=\"yoast-schema-graph\">{\"@context\":\"https:\/\/schema.org\",\"@graph\":[{\"@type\":\"WebPage\",\"@id\":\"https:\/\/www.inprous.com\/ca\/qui-som\/\",\"url\":\"https:\/\/www.inprous.com\/ca\/qui-som\/\",\"name\":\"Som un equip que garanteix l\u2019\u00e8xit i la confian\u00e7a dels nostres clients.\",\"isPartOf\":{\"@id\":\"https:\/\/www.inprous.com\/#website\"},\"datePublished\":\"2016-12-04T12:19:51+00:00\",\"dateModified\":\"2020-02-21T16:30:25+00:00\",\"description\":\"Inprous est\u00e0 format per un equip de persones amb una contrastada traject\u00f2ria professional en el m\u00f3n del transport, la log\u00edstica i la tecnologia.\",\"breadcrumb\":{\"@id\":\"https:\/\/www.inprous.com\/ca\/qui-som\/#breadcrumb\"},\"inLanguage\":\"ca-ES\",\"potentialAction\":[{\"@type\":\"ReadAction\",\"target\":[\"https:\/\/www.inprous.com\/ca\/qui-som\/\"]}]},{\"@type\":\"BreadcrumbList\",\"@id\":\"https:\/\/www.inprous.com\/ca\/qui-som\/#breadcrumb\",\"itemListElement\":[{\"@type\":\"ListItem\",\"position\":1,\"name\":\"Portada\",\"item\":\"https:\/\/www.inprous.com\/ca\/inici\/\"},{\"@type\":\"ListItem\",\"position\":2,\"name\":\"QUI SOM\"}]},{\"@type\":\"WebSite\",\"@id\":\"https:\/\/www.inprous.com\/#website\",\"url\":\"https:\/\/www.inprous.com\/\",\"name\":\"Inprous\",\"description\":\"\",\"publisher\":{\"@id\":\"https:\/\/www.inprous.com\/#organization\"},\"potentialAction\":[{\"@type\":\"SearchAction\",\"target\":{\"@type\":\"EntryPoint\",\"urlTemplate\":\"https:\/\/www.inprous.com\/?s={search_term_string}\"},\"query-input\":{\"@type\":\"PropertyValueSpecification\",\"valueRequired\":true,\"valueName\":\"search_term_string\"}}],\"inLanguage\":\"ca-ES\"},{\"@type\":\"Organization\",\"@id\":\"https:\/\/www.inprous.com\/#organization\",\"name\":\"Inprous\",\"url\":\"https:\/\/www.inprous.com\/\",\"logo\":{\"@type\":\"ImageObject\",\"inLanguage\":\"ca-ES\",\"@id\":\"https:\/\/www.inprous.com\/#\/schema\/logo\/image\/\",\"url\":\"https:\/\/www.inprous.com\/wp-content\/uploads\/2024\/03\/inprous-logo-.png\",\"contentUrl\":\"https:\/\/www.inprous.com\/wp-content\/uploads\/2024\/03\/inprous-logo-.png\",\"width\":320,\"height\":90,\"caption\":\"Inprous\"},\"image\":{\"@id\":\"https:\/\/www.inprous.com\/#\/schema\/logo\/image\/\"}}]}<\/script>\n<!-- \/ Yoast SEO plugin. -->","yoast_head_json":{"title":"Som un equip que garanteix l\u2019\u00e8xit i la confian\u00e7a dels nostres clients.","description":"Inprous est\u00e0 format per un equip de persones amb una contrastada traject\u00f2ria professional en el m\u00f3n del transport, la log\u00edstica i la tecnologia.","robots":{"index":"index","follow":"follow","max-snippet":"max-snippet:-1","max-image-preview":"max-image-preview:large","max-video-preview":"max-video-preview:-1"},"canonical":"https:\/\/www.inprous.com\/ca\/qui-som\/","og_locale":"ca_ES","og_type":"article","og_title":"Som un equip que garanteix l\u2019\u00e8xit i la confian\u00e7a dels nostres clients.","og_description":"Inprous est\u00e0 format per un equip de persones amb una contrastada traject\u00f2ria professional en el m\u00f3n del transport, la log\u00edstica i la tecnologia.","og_url":"https:\/\/www.inprous.com\/ca\/qui-som\/","article_modified_time":"2020-02-21T16:30:25+00:00","twitter_card":"summary_large_image","twitter_misc":{"Est. reading time":"3 minutes"},"schema":{"@context":"https:\/\/schema.org","@graph":[{"@type":"WebPage","@id":"https:\/\/www.inprous.com\/ca\/qui-som\/","url":"https:\/\/www.inprous.com\/ca\/qui-som\/","name":"Som un equip que garanteix l\u2019\u00e8xit i la confian\u00e7a dels nostres clients.","isPartOf":{"@id":"https:\/\/www.inprous.com\/#website"},"datePublished":"2016-12-04T12:19:51+00:00","dateModified":"2020-02-21T16:30:25+00:00","description":"Inprous est\u00e0 format per un equip de persones amb una contrastada traject\u00f2ria professional en el m\u00f3n del transport, la log\u00edstica i la tecnologia.","breadcrumb":{"@id":"https:\/\/www.inprous.com\/ca\/qui-som\/#breadcrumb"},"inLanguage":"ca-ES","potentialAction":[{"@type":"ReadAction","target":["https:\/\/www.inprous.com\/ca\/qui-som\/"]}]},{"@type":"BreadcrumbList","@id":"https:\/\/www.inprous.com\/ca\/qui-som\/#breadcrumb","itemListElement":[{"@type":"ListItem","position":1,"name":"Portada","item":"https:\/\/www.inprous.com\/ca\/inici\/"},{"@type":"ListItem","position":2,"name":"QUI SOM"}]},{"@type":"WebSite","@id":"https:\/\/www.inprous.com\/#website","url":"https:\/\/www.inprous.com\/","name":"Inprous","description":"","publisher":{"@id":"https:\/\/www.inprous.com\/#organization"},"potentialAction":[{"@type":"SearchAction","target":{"@type":"EntryPoint","urlTemplate":"https:\/\/www.inprous.com\/?s={search_term_string}"},"query-input":{"@type":"PropertyValueSpecification","valueRequired":true,"valueName":"search_term_string"}}],"inLanguage":"ca-ES"},{"@type":"Organization","@id":"https:\/\/www.inprous.com\/#organization","name":"Inprous","url":"https:\/\/www.inprous.com\/","logo":{"@type":"ImageObject","inLanguage":"ca-ES","@id":"https:\/\/www.inprous.com\/#\/schema\/logo\/image\/","url":"https:\/\/www.inprous.com\/wp-content\/uploads\/2024\/03\/inprous-logo-.png","contentUrl":"https:\/\/www.inprous.com\/wp-content\/uploads\/2024\/03\/inprous-logo-.png","width":320,"height":90,"caption":"Inprous"},"image":{"@id":"https:\/\/www.inprous.com\/#\/schema\/logo\/image\/"}}]}},"_links":{"self":[{"href":"https:\/\/www.inprous.com\/ca\/wp-json\/wp\/v2\/pages\/636","targetHints":{"allow":["GET"]}}],"collection":[{"href":"https:\/\/www.inprous.com\/ca\/wp-json\/wp\/v2\/pages"}],"about":[{"href":"https:\/\/www.inprous.com\/ca\/wp-json\/wp\/v2\/types\/page"}],"author":[{"embeddable":true,"href":"https:\/\/www.inprous.com\/ca\/wp-json\/wp\/v2\/users\/1"}],"replies":[{"embeddable":true,"href":"https:\/\/www.inprous.com\/ca\/wp-json\/wp\/v2\/comments?post=636"}],"version-history":[{"count":4,"href":"https:\/\/www.inprous.com\/ca\/wp-json\/wp\/v2\/pages\/636\/revisions"}],"predecessor-version":[{"id":2100,"href":"https:\/\/www.inprous.com\/ca\/wp-json\/wp\/v2\/pages\/636\/revisions\/2100"}],"wp:attachment":[{"href":"https:\/\/www.inprous.com\/ca\/wp-json\/wp\/v2\/media?parent=636"}],"curies":[{"name":"wp","href":"https:\/\/api.w.org\/{rel}","templated":true}]}}