{"id":633,"date":"2017-02-18T12:58:40","date_gmt":"2017-02-18T12:58:40","guid":{"rendered":"https:\/\/www.inprous.com\/?page_id=633\/"},"modified":"2026-03-25T17:50:39","modified_gmt":"2026-03-25T17:50:39","slug":"especialista-solucions-logistica-fred","status":"publish","type":"page","link":"https:\/\/www.inprous.com\/ca\/especialista-solucions-logistica-fred\/","title":{"rendered":"CONTACTE"},"content":{"rendered":"<div id='layer_slider_1'  class='avia-layerslider main_color avia-shadow  avia-builder-el-0  el_before_av_section  avia-builder-el-first  container_wrap fullsize'  style='height: 151px;'  ><\/div>\n\n<style type=\"text\/css\" data-created_by=\"avia_inline_auto\" id=\"style-css-av-1uf0vl-660d02cc23b608953675cb8ed8a00e66\">\n.avia-section.av-1uf0vl-660d02cc23b608953675cb8ed8a00e66{\nbackground-color:#f9f9f9;\nbackground-image:unset;\n}\n<\/style>\n<div id='av_section_1'  class='avia-section av-1uf0vl-660d02cc23b608953675cb8ed8a00e66 main_color avia-section-default avia-no-border-styling  avia-builder-el-1  el_after_av_layerslider  avia-builder-el-last  avia-bg-style-scroll container_wrap fullsize'  ><div class='container av-section-cont-open' ><div class='template-page content  av-content-full alpha units'><div class='post-entry post-entry-type-page post-entry-633'><div class='entry-content-wrapper clearfix'>\n\n<style type=\"text\/css\" data-created_by=\"avia_inline_auto\" id=\"style-css-av-1thgjl-f326721be19f26a971cb6fec6989afd9\">\n.flex_column.av-1thgjl-f326721be19f26a971cb6fec6989afd9{\nborder-radius:0px 0px 0px 0px;\npadding:0px 0px 0px 0px;\n}\n<\/style>\n<div  class='flex_column av-1thgjl-f326721be19f26a971cb6fec6989afd9 av_one_half  avia-builder-el-2  el_before_av_one_half  avia-builder-el-first  first flex_column_div av-zero-column-padding  '     ><p><section  class='av_textblock_section av-m5wonzt4-3176cdddc0b7c6862e4c294af0870268 '   itemscope=\"itemscope\" itemtype=\"https:\/\/schema.org\/CreativeWork\" ><div class='avia_textblock'  itemprop=\"text\" >\n<div class=\"wpcf7 no-js\" id=\"wpcf7-f2380-o1\" lang=\"es-ES\" dir=\"ltr\" data-wpcf7-id=\"2380\">\n<div class=\"screen-reader-response\"><p role=\"status\" aria-live=\"polite\" aria-atomic=\"true\"><\/p> <ul><\/ul><\/div>\n<form action=\"\/ca\/wp-json\/wp\/v2\/pages\/633#wpcf7-f2380-o1\" method=\"post\" class=\"wpcf7-form init\" aria-label=\"Contact form\" novalidate=\"novalidate\" data-status=\"init\">\n<fieldset class=\"hidden-fields-container\"><input type=\"hidden\" name=\"_wpcf7\" value=\"2380\" \/><input type=\"hidden\" name=\"_wpcf7_version\" value=\"6.1.5\" \/><input type=\"hidden\" name=\"_wpcf7_locale\" value=\"es_ES\" \/><input type=\"hidden\" name=\"_wpcf7_unit_tag\" value=\"wpcf7-f2380-o1\" \/><input type=\"hidden\" name=\"_wpcf7_container_post\" value=\"0\" \/><input type=\"hidden\" name=\"_wpcf7_posted_data_hash\" value=\"\" \/><input type=\"hidden\" name=\"_wpcf7_recaptcha_response\" value=\"\" \/>\n<\/fieldset>\n<p><label> Nom *<br \/>\n<span class=\"wpcf7-form-control-wrap\" data-name=\"your-name\"><input size=\"40\" maxlength=\"400\" class=\"wpcf7-form-control wpcf7-text wpcf7-validates-as-required\" autocomplete=\"name\" aria-required=\"true\" aria-invalid=\"false\" value=\"\" type=\"text\" name=\"your-name\" \/><\/span> <\/label>\n<\/p>\n<p><label> Correu electr\u00f2nic *<br \/>\n<span class=\"wpcf7-form-control-wrap\" data-name=\"your-email\"><input size=\"40\" maxlength=\"400\" class=\"wpcf7-form-control wpcf7-email wpcf7-validates-as-required wpcf7-text wpcf7-validates-as-email\" autocomplete=\"email\" aria-required=\"true\" aria-invalid=\"false\" value=\"\" type=\"email\" name=\"your-email\" \/><\/span> <\/label>\n<\/p>\n<p><label> Telefono<br \/>\n<span class=\"wpcf7-form-control-wrap\" data-name=\"tel-655\"><input size=\"40\" maxlength=\"400\" class=\"wpcf7-form-control wpcf7-tel wpcf7-text wpcf7-validates-as-tel\" autocomplete=\"tel\" aria-invalid=\"false\" value=\"\" type=\"tel\" name=\"tel-655\" \/><\/span> <\/label>\n<\/p>\n<p><label> Assumpte *<br \/>\n<span class=\"wpcf7-form-control-wrap\" data-name=\"your-subject\"><input size=\"40\" maxlength=\"400\" class=\"wpcf7-form-control wpcf7-text wpcf7-validates-as-required\" aria-required=\"true\" aria-invalid=\"false\" value=\"\" type=\"text\" name=\"your-subject\" \/><\/span> <\/label>\n<\/p>\n<p><label> Missatge<br \/>\n<span class=\"wpcf7-form-control-wrap\" data-name=\"your-message\"><textarea cols=\"40\" rows=\"10\" maxlength=\"2000\" class=\"wpcf7-form-control wpcf7-textarea\" aria-invalid=\"false\" name=\"your-message\"><\/textarea><\/span> <\/label>\n<\/p>\n<p><span class=\"wpcf7-form-control-wrap\" data-name=\"acceptance-669\"><span class=\"wpcf7-form-control wpcf7-acceptance\"><span class=\"wpcf7-list-item\"><label><input type=\"checkbox\" name=\"acceptance-669\" value=\"1\" aria-invalid=\"false\" \/><span class=\"wpcf7-list-item-label\">Accepto la <a href=\"https:\/\/www.inprous.com\/politica-de-privacidad\/\" target=\"_blank\" rel=\"noopener\"> Pol\u00edtica de privadesa <\/a><\/span><\/label><\/span><\/span><\/span>\n<\/p>\n<p><input class=\"wpcf7-form-control wpcf7-submit has-spinner\" type=\"submit\" value=\"Enviar\" \/>\n<\/p><p style=\"display: none !important;\" class=\"akismet-fields-container\" data-prefix=\"_wpcf7_ak_\"><label>&#916;<textarea name=\"_wpcf7_ak_hp_textarea\" cols=\"45\" rows=\"8\" maxlength=\"100\"><\/textarea><\/label><input type=\"hidden\" id=\"ak_js_1\" name=\"_wpcf7_ak_js\" value=\"238\"\/><script>document.getElementById( \"ak_js_1\" ).setAttribute( \"value\", ( new Date() ).getTime() );<\/script><\/p><div class=\"wpcf7-response-output\" aria-hidden=\"true\"><\/div>\n<\/form>\n<\/div>\n\n<\/div><\/section><br \/>\n\n<style type=\"text\/css\" data-created_by=\"avia_inline_auto\" id=\"style-css-av-lu8c59y7-bda7a15bbd98a36eaf15408e16753fee\">\n#top .av_textblock_section.av-lu8c59y7-bda7a15bbd98a36eaf15408e16753fee .avia_textblock{\nfont-size:10px;\n}\n<\/style>\n<section  class='av_textblock_section av-lu8c59y7-bda7a15bbd98a36eaf15408e16753fee '   itemscope=\"itemscope\" itemtype=\"https:\/\/schema.org\/CreativeWork\" ><div class='avia_textblock'  itemprop=\"text\" ><p style=\"text-align: justify;\">INPROUS us informa que les dades de car\u00e0cter personal que ens proporcioneu emplenant aquest formulari seran tractades per INPROUS LOGISTICS SL com a responsable d&#8217;aquesta web. Finalitat de la recollida i el tractament de les dades personals: gestionar l&#8217;alta a aquesta subscripci\u00f3 i remetre butlletins peri\u00f2dics amb informaci\u00f3 i oferta prospectiva de productes o serveis propis i de tercers afiliats. Podr\u00e0s exercir els teus drets d&#8217;acc\u00e9s, rectificaci\u00f3, limitaci\u00f3 i suprimir les dades a info@inprous.com aix\u00ed com el dret a presentar una reclamaci\u00f3 davant d&#8217;una autoritat de control. Pots consultar la nostra <a href=\"https:\/\/www.inprous.com\/politica-de-privacidad\/\">pol\u00edtica de privadesa<\/a>.<\/p>\n<\/div><\/section><\/p><\/div>\n<style type=\"text\/css\" data-created_by=\"avia_inline_auto\" id=\"style-css-av-2qs9t-50d125c81e32e56ecd7d4f70f93a9eaf\">\n.flex_column.av-2qs9t-50d125c81e32e56ecd7d4f70f93a9eaf{\nborder-radius:0px 0px 0px 0px;\npadding:0px 0px 0px 0px;\n}\n<\/style>\n<div  class='flex_column av-2qs9t-50d125c81e32e56ecd7d4f70f93a9eaf av_one_half  avia-builder-el-5  el_after_av_one_half  avia-builder-el-last  flex_column_div av-zero-column-padding  '     ><style type=\"text\/css\" data-created_by=\"avia_inline_auto\" id=\"style-css-av-1w6f5-a9ea5a5e93cee7c52c120bf560da77b1\">\n#top .av_textblock_section.av-1w6f5-a9ea5a5e93cee7c52c120bf560da77b1 .avia_textblock{\nfont-size:18px;\n}\n<\/style>\n<section  class='av_textblock_section av-1w6f5-a9ea5a5e93cee7c52c120bf560da77b1 '   itemscope=\"itemscope\" itemtype=\"https:\/\/schema.org\/CreativeWork\" ><div class='avia_textblock'  itemprop=\"text\" ><p style=\"text-align: center;\"><strong>Oficina<\/strong><\/p>\n<div>\n<div style=\"text-align: center;\">Gran Via de les Corts Catalanes n\u00ba 630, 4\u00aa planta<\/div>\n<div style=\"text-align: center;\">08007-Barcelona<\/div>\n<\/div>\n<div style=\"text-align: center;\">tf +34 935 992 738<\/div>\n<p style=\"text-align: center;\"><a href=\"mailto:inprous@inprous.com\">inprous@inprous.com<\/a><\/p>\n<\/div><\/section><br \/>\n<div  class='av_gmaps_sc_main_wrap av_gmaps_main_wrap '><div id='av_gmap_0' class='avia-google-map-container avia-google-map-sc av_gmaps_show_unconditionally av-no-fallback-img ' data-mapid='av_gmap_0'  style='height: 200px;'><a class=\"av_gmaps_browser_disabled av_text_confirm_link av_text_confirm_link_visible\" href=\"https:\/\/www.google.com\/maps\/search\/?api=1&#038;query=Gran%20Via%20de%20les%20Corts%20Catalanes%20n\u00ba%20630%2008007%20Barcelona%20%20Espa\u00f1a\" target=\"_blank\">Maps were disabled by the visitor on this site. Click to open the map in a new window.<\/a><\/div><\/div><br \/>\n\n<style type=\"text\/css\" data-created_by=\"avia_inline_auto\" id=\"style-css-av-mn6ca9bl-b0398ae344152fec51e129a04ad490f8\">\n#top .hr.hr-invisible.av-mn6ca9bl-b0398ae344152fec51e129a04ad490f8{\nheight:20px;\n}\n<\/style>\n<div  class='hr av-mn6ca9bl-b0398ae344152fec51e129a04ad490f8 hr-invisible  avia-builder-el-8  el_after_av_google_map  el_before_av_textblock  avia-builder-el-first '><span class='hr-inner '><span class=\"hr-inner-style\"><\/span><\/span><\/div><br \/>\n\n<style type=\"text\/css\" data-created_by=\"avia_inline_auto\" id=\"style-css-av-1w6f5-9ffbca44e4e5d7865f4f363ed13d3022\">\n#top .av_textblock_section.av-1w6f5-9ffbca44e4e5d7865f4f363ed13d3022 .avia_textblock{\nfont-size:18px;\n}\n<\/style>\n<section  class='av_textblock_section av-1w6f5-9ffbca44e4e5d7865f4f363ed13d3022 '   itemscope=\"itemscope\" itemtype=\"https:\/\/schema.org\/CreativeWork\" ><div class='avia_textblock'  itemprop=\"text\" ><div style=\"text-align: center;\"><strong>F\u00e0brica-magatzem<\/strong><\/div>\n<p style=\"text-align: center;\">Gran Via de les Corts Catalanes n\u00ba 630, 4\u00aa planta<\/p>\n<div>\n<div style=\"text-align: center;\">08007-Barcelona<\/div>\n<\/div>\n<div style=\"text-align: center;\">tf +34 935 992 738<\/div>\n<p style=\"text-align: center;\"><a href=\"mailto:inprous@inprous.com\">inprous@inprous.com<\/a><\/p>\n<\/div><\/section><br \/>\n<div  class='av_gmaps_sc_main_wrap av_gmaps_main_wrap '><div id='av_gmap_1' class='avia-google-map-container avia-google-map-sc av_gmaps_show_unconditionally av-no-fallback-img ' data-mapid='av_gmap_1'  style='height: 200px;'><a class=\"av_gmaps_browser_disabled av_text_confirm_link av_text_confirm_link_visible\" href=\"https:\/\/www.google.com\/maps\/search\/?api=1&#038;query=Carrer%20Navarra%20n\u00ba%2031%20nau%208%2008160%20%20Montmel\u00f3%20%20%20Espa\u00f1a\" target=\"_blank\">Maps were disabled by the visitor on this site. Click to open the map in a new window.<\/a><\/div><\/div><\/p><\/div>\n","protected":false},"excerpt":{"rendered":"","protected":false},"author":1,"featured_media":0,"parent":0,"menu_order":0,"comment_status":"closed","ping_status":"closed","template":"","meta":{"footnotes":""},"class_list":["post-633","page","type-page","status-publish","hentry"],"yoast_head":"<!-- This site is optimized with the Yoast SEO plugin v25.3 - https:\/\/yoast.com\/wordpress\/plugins\/seo\/ -->\n<title>Companyia dedicada al transport i log\u00edstica de cadena en fred<\/title>\n<meta name=\"description\" content=\"Contacta amb Inprous: busquem les solucions m\u00e9s efectives a les diferents problem\u00e0tiques existents en la log\u00edstica de distribuci\u00f3.\" \/>\n<meta name=\"robots\" content=\"index, follow, max-snippet:-1, max-image-preview:large, max-video-preview:-1\" \/>\n<link rel=\"canonical\" href=\"https:\/\/www.inprous.com\/ca\/especialista-solucions-logistica-fred\/\" \/>\n<meta property=\"og:locale\" content=\"ca_ES\" \/>\n<meta property=\"og:type\" content=\"article\" \/>\n<meta property=\"og:title\" content=\"Companyia dedicada al transport i log\u00edstica de cadena en fred\" \/>\n<meta property=\"og:description\" content=\"Contacta amb Inprous: busquem les solucions m\u00e9s efectives a les diferents problem\u00e0tiques existents en la log\u00edstica de distribuci\u00f3.\" \/>\n<meta property=\"og:url\" content=\"https:\/\/www.inprous.com\/ca\/especialista-solucions-logistica-fred\/\" \/>\n<meta property=\"article:modified_time\" content=\"2026-03-25T17:50:39+00:00\" \/>\n<meta name=\"twitter:card\" content=\"summary_large_image\" \/>\n<meta name=\"twitter:label1\" content=\"Est. reading time\" \/>\n\t<meta name=\"twitter:data1\" content=\"2 minutes\" \/>\n<script type=\"application\/ld+json\" class=\"yoast-schema-graph\">{\"@context\":\"https:\/\/schema.org\",\"@graph\":[{\"@type\":\"WebPage\",\"@id\":\"https:\/\/www.inprous.com\/ca\/especialista-solucions-logistica-fred\/\",\"url\":\"https:\/\/www.inprous.com\/ca\/especialista-solucions-logistica-fred\/\",\"name\":\"Companyia dedicada al transport i log\u00edstica de cadena en fred\",\"isPartOf\":{\"@id\":\"https:\/\/www.inprous.com\/#website\"},\"datePublished\":\"2017-02-18T12:58:40+00:00\",\"dateModified\":\"2026-03-25T17:50:39+00:00\",\"description\":\"Contacta amb Inprous: busquem les solucions m\u00e9s efectives a les diferents problem\u00e0tiques existents en la log\u00edstica de distribuci\u00f3.\",\"breadcrumb\":{\"@id\":\"https:\/\/www.inprous.com\/ca\/especialista-solucions-logistica-fred\/#breadcrumb\"},\"inLanguage\":\"ca-ES\",\"potentialAction\":[{\"@type\":\"ReadAction\",\"target\":[\"https:\/\/www.inprous.com\/ca\/especialista-solucions-logistica-fred\/\"]}]},{\"@type\":\"BreadcrumbList\",\"@id\":\"https:\/\/www.inprous.com\/ca\/especialista-solucions-logistica-fred\/#breadcrumb\",\"itemListElement\":[{\"@type\":\"ListItem\",\"position\":1,\"name\":\"Portada\",\"item\":\"https:\/\/www.inprous.com\/ca\/inici\/\"},{\"@type\":\"ListItem\",\"position\":2,\"name\":\"CONTACTE\"}]},{\"@type\":\"WebSite\",\"@id\":\"https:\/\/www.inprous.com\/#website\",\"url\":\"https:\/\/www.inprous.com\/\",\"name\":\"Inprous\",\"description\":\"\",\"publisher\":{\"@id\":\"https:\/\/www.inprous.com\/#organization\"},\"potentialAction\":[{\"@type\":\"SearchAction\",\"target\":{\"@type\":\"EntryPoint\",\"urlTemplate\":\"https:\/\/www.inprous.com\/?s={search_term_string}\"},\"query-input\":{\"@type\":\"PropertyValueSpecification\",\"valueRequired\":true,\"valueName\":\"search_term_string\"}}],\"inLanguage\":\"ca-ES\"},{\"@type\":\"Organization\",\"@id\":\"https:\/\/www.inprous.com\/#organization\",\"name\":\"Inprous\",\"url\":\"https:\/\/www.inprous.com\/\",\"logo\":{\"@type\":\"ImageObject\",\"inLanguage\":\"ca-ES\",\"@id\":\"https:\/\/www.inprous.com\/#\/schema\/logo\/image\/\",\"url\":\"https:\/\/www.inprous.com\/wp-content\/uploads\/2024\/03\/inprous-logo-.png\",\"contentUrl\":\"https:\/\/www.inprous.com\/wp-content\/uploads\/2024\/03\/inprous-logo-.png\",\"width\":320,\"height\":90,\"caption\":\"Inprous\"},\"image\":{\"@id\":\"https:\/\/www.inprous.com\/#\/schema\/logo\/image\/\"}}]}<\/script>\n<!-- \/ Yoast SEO plugin. -->","yoast_head_json":{"title":"Companyia dedicada al transport i log\u00edstica de cadena en fred","description":"Contacta amb Inprous: busquem les solucions m\u00e9s efectives a les diferents problem\u00e0tiques existents en la log\u00edstica de distribuci\u00f3.","robots":{"index":"index","follow":"follow","max-snippet":"max-snippet:-1","max-image-preview":"max-image-preview:large","max-video-preview":"max-video-preview:-1"},"canonical":"https:\/\/www.inprous.com\/ca\/especialista-solucions-logistica-fred\/","og_locale":"ca_ES","og_type":"article","og_title":"Companyia dedicada al transport i log\u00edstica de cadena en fred","og_description":"Contacta amb Inprous: busquem les solucions m\u00e9s efectives a les diferents problem\u00e0tiques existents en la log\u00edstica de distribuci\u00f3.","og_url":"https:\/\/www.inprous.com\/ca\/especialista-solucions-logistica-fred\/","article_modified_time":"2026-03-25T17:50:39+00:00","twitter_card":"summary_large_image","twitter_misc":{"Est. reading time":"2 minutes"},"schema":{"@context":"https:\/\/schema.org","@graph":[{"@type":"WebPage","@id":"https:\/\/www.inprous.com\/ca\/especialista-solucions-logistica-fred\/","url":"https:\/\/www.inprous.com\/ca\/especialista-solucions-logistica-fred\/","name":"Companyia dedicada al transport i log\u00edstica de cadena en fred","isPartOf":{"@id":"https:\/\/www.inprous.com\/#website"},"datePublished":"2017-02-18T12:58:40+00:00","dateModified":"2026-03-25T17:50:39+00:00","description":"Contacta amb Inprous: busquem les solucions m\u00e9s efectives a les diferents problem\u00e0tiques existents en la log\u00edstica de distribuci\u00f3.","breadcrumb":{"@id":"https:\/\/www.inprous.com\/ca\/especialista-solucions-logistica-fred\/#breadcrumb"},"inLanguage":"ca-ES","potentialAction":[{"@type":"ReadAction","target":["https:\/\/www.inprous.com\/ca\/especialista-solucions-logistica-fred\/"]}]},{"@type":"BreadcrumbList","@id":"https:\/\/www.inprous.com\/ca\/especialista-solucions-logistica-fred\/#breadcrumb","itemListElement":[{"@type":"ListItem","position":1,"name":"Portada","item":"https:\/\/www.inprous.com\/ca\/inici\/"},{"@type":"ListItem","position":2,"name":"CONTACTE"}]},{"@type":"WebSite","@id":"https:\/\/www.inprous.com\/#website","url":"https:\/\/www.inprous.com\/","name":"Inprous","description":"","publisher":{"@id":"https:\/\/www.inprous.com\/#organization"},"potentialAction":[{"@type":"SearchAction","target":{"@type":"EntryPoint","urlTemplate":"https:\/\/www.inprous.com\/?s={search_term_string}"},"query-input":{"@type":"PropertyValueSpecification","valueRequired":true,"valueName":"search_term_string"}}],"inLanguage":"ca-ES"},{"@type":"Organization","@id":"https:\/\/www.inprous.com\/#organization","name":"Inprous","url":"https:\/\/www.inprous.com\/","logo":{"@type":"ImageObject","inLanguage":"ca-ES","@id":"https:\/\/www.inprous.com\/#\/schema\/logo\/image\/","url":"https:\/\/www.inprous.com\/wp-content\/uploads\/2024\/03\/inprous-logo-.png","contentUrl":"https:\/\/www.inprous.com\/wp-content\/uploads\/2024\/03\/inprous-logo-.png","width":320,"height":90,"caption":"Inprous"},"image":{"@id":"https:\/\/www.inprous.com\/#\/schema\/logo\/image\/"}}]}},"_links":{"self":[{"href":"https:\/\/www.inprous.com\/ca\/wp-json\/wp\/v2\/pages\/633","targetHints":{"allow":["GET"]}}],"collection":[{"href":"https:\/\/www.inprous.com\/ca\/wp-json\/wp\/v2\/pages"}],"about":[{"href":"https:\/\/www.inprous.com\/ca\/wp-json\/wp\/v2\/types\/page"}],"author":[{"embeddable":true,"href":"https:\/\/www.inprous.com\/ca\/wp-json\/wp\/v2\/users\/1"}],"replies":[{"embeddable":true,"href":"https:\/\/www.inprous.com\/ca\/wp-json\/wp\/v2\/comments?post=633"}],"version-history":[{"count":22,"href":"https:\/\/www.inprous.com\/ca\/wp-json\/wp\/v2\/pages\/633\/revisions"}],"predecessor-version":[{"id":2417,"href":"https:\/\/www.inprous.com\/ca\/wp-json\/wp\/v2\/pages\/633\/revisions\/2417"}],"wp:attachment":[{"href":"https:\/\/www.inprous.com\/ca\/wp-json\/wp\/v2\/media?parent=633"}],"curies":[{"name":"wp","href":"https:\/\/api.w.org\/{rel}","templated":true}]}}